{"id":7348,"date":"2023-07-24T12:20:33","date_gmt":"2023-07-24T12:20:33","guid":{"rendered":"https:\/\/clinique-greffe-cheveux.fr\/actualites\/"},"modified":"2023-11-23T22:24:22","modified_gmt":"2023-11-23T22:24:22","slug":"news","status":"publish","type":"page","link":"https:\/\/clinique-greffe-cheveux.fr\/en\/news\/","title":{"rendered":"News"},"content":{"rendered":"\t\t<div data-elementor-type=\"wp-page\" data-elementor-id=\"7348\" class=\"elementor elementor-7348 elementor-950\">\n\t\t\t\t\t\t<section class=\"elementor-section elementor-top-section elementor-element elementor-element-84c891a elementor-section-full_width n-ponte-medium--wide elementor-section-height-default elementor-section-height-default elementor-invisible\" data-id=\"84c891a\" data-element_type=\"section\" data-e-type=\"section\" data-settings=\"{&quot;animation&quot;:&quot;h-neuron-animation--slideUp&quot;}\">\n\t\t\t\t\t\t<div class=\"elementor-container elementor-column-gap-no\">\n\t\t\t\t\t<div class=\"elementor-column elementor-col-100 elementor-top-column elementor-element elementor-element-f1031c8\" data-id=\"f1031c8\" data-element_type=\"column\" data-e-type=\"column\">\n\t\t\t<div class=\"elementor-widget-wrap elementor-element-populated\">\n\t\t\t\t\t\t<div class=\"elementor-element elementor-element-c12f772 nobr elementor-widget elementor-widget-heading\" data-id=\"c12f772\" data-element_type=\"widget\" data-e-type=\"widget\" data-widget_type=\"heading.default\">\n\t\t\t\t<div class=\"elementor-widget-container\">\n\t\t\t\t\t<h4 class=\"elementor-heading-title elementor-size-default\">Read all our <br>latest news.<\/h4>\t\t\t\t<\/div>\n\t\t\t\t<\/div>\n\t\t\t\t\t<\/div>\n\t\t<\/div>\n\t\t\t\t\t<\/div>\n\t\t<\/section>\n\t\t\t\t<section class=\"elementor-section elementor-top-section elementor-element elementor-element-5239e23 elementor-section-full_width n-ponte-container--wide elementor-section-height-default elementor-section-height-default elementor-invisible\" data-id=\"5239e23\" data-element_type=\"section\" data-e-type=\"section\" data-settings=\"{&quot;animation&quot;:&quot;h-neuron-animation--slideUp&quot;}\">\n\t\t\t\t\t\t<div class=\"elementor-container elementor-column-gap-no\">\n\t\t\t\t\t<div class=\"elementor-column elementor-col-100 elementor-top-column elementor-element elementor-element-df0c4e7\" data-id=\"df0c4e7\" data-element_type=\"column\" data-e-type=\"column\">\n\t\t\t<div class=\"elementor-widget-wrap elementor-element-populated\">\n\t\t\t\t\t\t<div class=\"elementor-element elementor-element-828b26e l-neuron-grid-wrapper--columns__3 l-neuron-grid-wrapper-tablet--columns__2 l-neuron-grid-wrapper-mobile--columns__1 m-neuron-posts--thumbnail-top m-neuron-posts--layout-grid elementor-invisible elementor-widget elementor-widget-neuron-posts\" data-id=\"828b26e\" data-element_type=\"widget\" data-e-type=\"widget\" data-settings=\"{&quot;image_animation_hover&quot;:&quot;zoom-in&quot;,&quot;row_gap&quot;:{&quot;unit&quot;:&quot;px&quot;,&quot;size&quot;:64,&quot;sizes&quot;:[]},&quot;row_gap_mobile&quot;:{&quot;unit&quot;:&quot;px&quot;,&quot;size&quot;:40,&quot;sizes&quot;:[]},&quot;columns&quot;:&quot;3&quot;,&quot;columns_tablet&quot;:&quot;2&quot;,&quot;columns_mobile&quot;:&quot;1&quot;,&quot;layout&quot;:&quot;grid&quot;,&quot;pagination&quot;:&quot;none&quot;,&quot;row_gap_tablet&quot;:{&quot;unit&quot;:&quot;px&quot;,&quot;size&quot;:&quot;&quot;,&quot;sizes&quot;:[]},&quot;animation&quot;:&quot;yes&quot;,&quot;neuron_animations&quot;:&quot;h-neuron-animation--slideUp&quot;,&quot;neuron_animations_duration&quot;:&quot;animated&quot;,&quot;animation_delay&quot;:0}\" data-widget_type=\"neuron-posts.default\">\n\t\t\t\t<div class=\"elementor-widget-container\">\n\t\t\t\t\t\t\t\t\t\t\t<div class=\"l-neuron-grid\" data-masonry-id=\"6aeb08bcae56c921991383daa174f72f\">\r\n\t\t\t\t\t\t\t\t\t\t\t\t<article class=\"l-neuron-grid__item h-neuron-animation--wow m-neuron-post post-7421 post type-post status-publish format-standard has-post-thumbnail hentry category-non-classifiee\" data-id=\"7421\">\r\n\t\t\t\t\t\t\t\t<div class=\"m-neuron-post__inner m-neuron-post__inner--classic\">\r\n        \r\n        <a class=\"m-neuron-post__thumbnail--link\"  href=\"https:\/\/clinique-greffe-cheveux.fr\/en\/is-there-a-risk-of-side-effects-from-an-fue-hair-transplant\/\"><div class=\"m-neuron-post__thumbnail\"><img fetchpriority=\"high\" decoding=\"async\" width=\"1900\" height=\"1267\" src=\"https:\/\/clinique-greffe-cheveux.fr\/wp-content\/uploads\/2023\/11\/clinique-greffe-cheveux-nice-009.jpg\" class=\"attachment-full size-full wp-post-image\" alt=\"perte de cheveux m\u00e9soth\u00e9rapie \u00e0 thionville\" srcset=\"https:\/\/clinique-greffe-cheveux.fr\/wp-content\/uploads\/2023\/11\/clinique-greffe-cheveux-nice-009.jpg 1900w, https:\/\/clinique-greffe-cheveux.fr\/wp-content\/uploads\/2023\/11\/clinique-greffe-cheveux-nice-009-300x200.jpg 300w, https:\/\/clinique-greffe-cheveux.fr\/wp-content\/uploads\/2023\/11\/clinique-greffe-cheveux-nice-009-1024x683.jpg 1024w, https:\/\/clinique-greffe-cheveux.fr\/wp-content\/uploads\/2023\/11\/clinique-greffe-cheveux-nice-009-768x512.jpg 768w, https:\/\/clinique-greffe-cheveux.fr\/wp-content\/uploads\/2023\/11\/clinique-greffe-cheveux-nice-009-1536x1024.jpg 1536w\" sizes=\"(max-width: 1900px) 100vw, 1900px\" \/><\/div><\/a><h5 class=\"m-neuron-post__title\"><a href=\"https:\/\/clinique-greffe-cheveux.fr\/en\/is-there-a-risk-of-side-effects-from-an-fue-hair-transplant\/\">Is there a risk of side effects from an FUE hair transplant?<\/a><\/h5><span class=\"m-neuron-post__meta-data\"> <span class=\"date\"> November 3, 2023<\/span> <span class=\"terms\"> <a href=\"https:\/\/clinique-greffe-cheveux.fr\/en\/category\/non-classifiee\/\">Non classifi\u00e9(e)<\/a><\/span> <\/span><div class=\"m-neuron-post__excerpt\">Although an FUE hair transplant is carried out in outpatient mode and under simple local anesthesia; As with any medical procedure, there are some<\/div>        \r\n    <\/div>\t\t\t\t\t\t\t<\/article>\r\n\t\t\t\t\t\t\t\t\t\t\t\t\t\t<article class=\"l-neuron-grid__item h-neuron-animation--wow m-neuron-post post-7417 post type-post status-publish format-standard has-post-thumbnail hentry category-non-classifiee\" data-id=\"7417\">\r\n\t\t\t\t\t\t\t\t<div class=\"m-neuron-post__inner m-neuron-post__inner--classic\">\r\n        \r\n        <a class=\"m-neuron-post__thumbnail--link\"  href=\"https:\/\/clinique-greffe-cheveux.fr\/en\/precautions-after-fue-hair-transplantation\/\"><div class=\"m-neuron-post__thumbnail\"><img decoding=\"async\" width=\"1900\" height=\"1267\" src=\"https:\/\/clinique-greffe-cheveux.fr\/wp-content\/uploads\/2023\/11\/clinique-greffe-cheveux-nice-00011.jpg\" class=\"attachment-full size-full wp-post-image\" alt=\"perte de cheveux solutions c\u00f4te d\u2019azur\" srcset=\"https:\/\/clinique-greffe-cheveux.fr\/wp-content\/uploads\/2023\/11\/clinique-greffe-cheveux-nice-00011.jpg 1900w, https:\/\/clinique-greffe-cheveux.fr\/wp-content\/uploads\/2023\/11\/clinique-greffe-cheveux-nice-00011-300x200.jpg 300w, https:\/\/clinique-greffe-cheveux.fr\/wp-content\/uploads\/2023\/11\/clinique-greffe-cheveux-nice-00011-1024x683.jpg 1024w, https:\/\/clinique-greffe-cheveux.fr\/wp-content\/uploads\/2023\/11\/clinique-greffe-cheveux-nice-00011-768x512.jpg 768w, https:\/\/clinique-greffe-cheveux.fr\/wp-content\/uploads\/2023\/11\/clinique-greffe-cheveux-nice-00011-1536x1024.jpg 1536w\" sizes=\"(max-width: 1900px) 100vw, 1900px\" \/><\/div><\/a><h5 class=\"m-neuron-post__title\"><a href=\"https:\/\/clinique-greffe-cheveux.fr\/en\/precautions-after-fue-hair-transplantation\/\">Precautions after\u00a0FUE\u00a0hair\u00a0transplantation<\/a><\/h5><span class=\"m-neuron-post__meta-data\"> <span class=\"date\"> October 29, 2023<\/span> <span class=\"terms\"> <a href=\"https:\/\/clinique-greffe-cheveux.fr\/en\/category\/non-classifiee\/\">Non classifi\u00e9(e)<\/a><\/span> <\/span><div class=\"m-neuron-post__excerpt\">The extremely natural results obtained by the FUE technique have made it possible to democratize hair transplantation. If the installation of hair implants by<\/div>        \r\n    <\/div>\t\t\t\t\t\t\t<\/article>\r\n\t\t\t\t\t\t\t\t\t\t\t\t\t\t<article class=\"l-neuron-grid__item h-neuron-animation--wow m-neuron-post post-7412 post type-post status-publish format-standard has-post-thumbnail hentry category-non-classifiee\" data-id=\"7412\">\r\n\t\t\t\t\t\t\t\t<div class=\"m-neuron-post__inner m-neuron-post__inner--classic\">\r\n        \r\n        <a class=\"m-neuron-post__thumbnail--link\"  href=\"https:\/\/clinique-greffe-cheveux.fr\/en\/contraindication-of-an-fue-hair-transplant\/\"><div class=\"m-neuron-post__thumbnail\"><img decoding=\"async\" width=\"1900\" height=\"1267\" src=\"https:\/\/clinique-greffe-cheveux.fr\/wp-content\/uploads\/2023\/11\/clinique-greffe-cheveux-nice-004.jpg\" class=\"attachment-full size-full wp-post-image\" alt=\"\" srcset=\"https:\/\/clinique-greffe-cheveux.fr\/wp-content\/uploads\/2023\/11\/clinique-greffe-cheveux-nice-004.jpg 1900w, https:\/\/clinique-greffe-cheveux.fr\/wp-content\/uploads\/2023\/11\/clinique-greffe-cheveux-nice-004-300x200.jpg 300w, https:\/\/clinique-greffe-cheveux.fr\/wp-content\/uploads\/2023\/11\/clinique-greffe-cheveux-nice-004-1024x683.jpg 1024w, https:\/\/clinique-greffe-cheveux.fr\/wp-content\/uploads\/2023\/11\/clinique-greffe-cheveux-nice-004-768x512.jpg 768w, https:\/\/clinique-greffe-cheveux.fr\/wp-content\/uploads\/2023\/11\/clinique-greffe-cheveux-nice-004-1536x1024.jpg 1536w\" sizes=\"(max-width: 1900px) 100vw, 1900px\" \/><\/div><\/a><h5 class=\"m-neuron-post__title\"><a href=\"https:\/\/clinique-greffe-cheveux.fr\/en\/contraindication-of-an-fue-hair-transplant\/\">Contraindication of an FUE hair transplant<\/a><\/h5><span class=\"m-neuron-post__meta-data\"> <span class=\"date\"> September 17, 2023<\/span> <span class=\"terms\"> <a href=\"https:\/\/clinique-greffe-cheveux.fr\/en\/category\/non-classifiee\/\">Non classifi\u00e9(e)<\/a><\/span> <\/span><div class=\"m-neuron-post__excerpt\">FUE hair transplantation is an innovative technique that allows grafts to be taken one by one from one of the donor areas. Developments in<\/div>        \r\n    <\/div>\t\t\t\t\t\t\t<\/article>\r\n\t\t\t\t\t\t\t\t\t\t\t<\/div>\r\n\t\t\t\r\n\t\t\t\t\t\t<\/div>\n\t\t\t\t<\/div>\n\t\t\t\t\t<\/div>\n\t\t<\/div>\n\t\t\t\t\t<\/div>\n\t\t<\/section>\n\t\t\t\t<\/div>\n\t\t","protected":false},"excerpt":{"rendered":"<p>Read all our latest news.<\/p>\n","protected":false},"author":1,"featured_media":0,"parent":0,"menu_order":0,"comment_status":"closed","ping_status":"closed","template":"","meta":{"footnotes":""},"class_list":["post-7348","page","type-page","status-publish","hentry"],"_links":{"self":[{"href":"https:\/\/clinique-greffe-cheveux.fr\/en\/wp-json\/wp\/v2\/pages\/7348","targetHints":{"allow":["GET"]}}],"collection":[{"href":"https:\/\/clinique-greffe-cheveux.fr\/en\/wp-json\/wp\/v2\/pages"}],"about":[{"href":"https:\/\/clinique-greffe-cheveux.fr\/en\/wp-json\/wp\/v2\/types\/page"}],"author":[{"embeddable":true,"href":"https:\/\/clinique-greffe-cheveux.fr\/en\/wp-json\/wp\/v2\/users\/1"}],"replies":[{"embeddable":true,"href":"https:\/\/clinique-greffe-cheveux.fr\/en\/wp-json\/wp\/v2\/comments?post=7348"}],"version-history":[{"count":7,"href":"https:\/\/clinique-greffe-cheveux.fr\/en\/wp-json\/wp\/v2\/pages\/7348\/revisions"}],"predecessor-version":[{"id":7355,"href":"https:\/\/clinique-greffe-cheveux.fr\/en\/wp-json\/wp\/v2\/pages\/7348\/revisions\/7355"}],"wp:attachment":[{"href":"https:\/\/clinique-greffe-cheveux.fr\/en\/wp-json\/wp\/v2\/media?parent=7348"}],"curies":[{"name":"wp","href":"https:\/\/api.w.org\/{rel}","templated":true}]}}